{"id":1628,"date":"2019-11-28T18:38:33","date_gmt":"2019-11-28T17:38:33","guid":{"rendered":"https:\/\/309manukahonig.de\/index.php\/shipping-methods\/"},"modified":"2024-03-13T19:47:05","modified_gmt":"2024-03-13T18:47:05","slug":"shipping-methods","status":"publish","type":"page","link":"https:\/\/309manukahonig.de\/index.php\/shipping-methods\/","title":{"rendered":"Lieferm\u00f6glichkeiten"},"content":{"rendered":"\n<p class=\"has-text-align-center\">Anbei ein paar Infos zu den Liefervarianten wenn sie bei uns im Shop etwas bestellt haben.<br><br>Alle Produkte, bis auf die Weinflaschen, werden mit DHL ausgeliefert.<br><br>Wir empfehlen ihnen, sich die Post &amp; DHL App zu installieren, denn dort wird ihnen die Sendung angek\u00fcndigt und sie k\u00f6nnen angeben ob sie an dem Tag die Lieferung entgegennehmen k\u00f6nnen und\/oder auch einen Ablageort w\u00e4hlen.<br><br><a referrerpolicy=\"origin\" rel=\"noreferrer noopener\" href=\"https:\/\/www.dhl.de\/de\/privatkunden\/kampagnenseiten\/dhl-app.html\" target=\"_blank\"><img loading=\"lazy\" decoding=\"async\" width=\"300\" height=\"236\" class=\"wp-image-5407\" style=\"width: 300px;\" src=\"https:\/\/309manukahonig.de\/wp-content\/uploads\/2021\/02\/Screenshot_2021-02-18-Post-DHL-App-auch-unterwegs-immer-alles-im-Blick.png\" alt=\"\" srcset=\"https:\/\/309manukahonig.de\/wp-content\/uploads\/2021\/02\/Screenshot_2021-02-18-Post-DHL-App-auch-unterwegs-immer-alles-im-Blick.png 1282w, https:\/\/309manukahonig.de\/wp-content\/uploads\/2021\/02\/Screenshot_2021-02-18-Post-DHL-App-auch-unterwegs-immer-alles-im-Blick-600x472.png 600w, https:\/\/309manukahonig.de\/wp-content\/uploads\/2021\/02\/Screenshot_2021-02-18-Post-DHL-App-auch-unterwegs-immer-alles-im-Blick-300x236.png 300w, https:\/\/309manukahonig.de\/wp-content\/uploads\/2021\/02\/Screenshot_2021-02-18-Post-DHL-App-auch-unterwegs-immer-alles-im-Blick-1024x805.png 1024w, https:\/\/309manukahonig.de\/wp-content\/uploads\/2021\/02\/Screenshot_2021-02-18-Post-DHL-App-auch-unterwegs-immer-alles-im-Blick-768x604.png 768w, https:\/\/309manukahonig.de\/wp-content\/uploads\/2021\/02\/Screenshot_2021-02-18-Post-DHL-App-auch-unterwegs-immer-alles-im-Blick-370x291.png 370w, https:\/\/309manukahonig.de\/wp-content\/uploads\/2021\/02\/Screenshot_2021-02-18-Post-DHL-App-auch-unterwegs-immer-alles-im-Blick-760x598.png 760w\" sizes=\"auto, (max-width: 300px) 100vw, 300px\" \/><\/a><\/p>\n\n\n\n<p class=\"has-text-align-center\"><strong>Die Produkte:<\/strong><\/p>\n\n\n\n<p class=\"has-text-align-center\"><em>309 Manuka Honig 300+  250g<br>Manuka Honig Ratgeber<br>Sturm der Liebe Tasse<\/em><br><em>B\u00fccher<\/em><\/p>\n\n\n\n<p class=\"has-text-align-center\">werden f\u00fcr eine Versandpauschale von \u20ac 3,99 verschickt.<br><br>Ab 2 Gl\u00e4sern 309 Manuka Honig 300+  250g erfolgt der Versand kostenfrei.<\/p>\n\n\n\n<p class=\"has-text-align-center\">*** <\/p>\n\n\n\n<p class=\"has-text-align-center\"><em>Die Weinflaschen werden direkt vom Weingut Kirch per UPS versendet.<\/em><br><br><strong>Kosten:<\/strong><br><br>1-6 Flaschen f\u00fcr \u20ac 8,-<br>7-12 Flaschen f\u00fcr \u20ac 9,50<br>13-18 Flaschen f\u00fcr \u20ac 11,50<br>19-23 Flaschen f\u00fcr \u20ac 14,50<br>ab 24 Flaschen erfolgt der Versand kostenfrei.<\/p>\n\n\n\n<p><\/p>\n\n\n\n<p class=\"has-text-align-center\"><strong><a href=\"https:\/\/309manukahonig.de\/index.php\/shop\/\" data-type=\"URL\" data-id=\"https:\/\/309manukahonig.de\/index.php\/shop\/\">ZUR\u00dcCK ZUM SHOP<\/a><\/strong><br><\/p>\n","protected":false},"excerpt":{"rendered":"<p>Anbei ein paar Infos zu den Liefervarianten wenn sie bei uns im Shop etwas bestellt haben. Alle Produkte, bis auf&hellip; <a class=\"continue\" href=\"https:\/\/309manukahonig.de\/index.php\/shipping-methods\/\">Continue Reading<span> Lieferm\u00f6glichkeiten<\/span><\/a><\/p>\n","protected":false},"author":1,"featured_media":5403,"parent":0,"menu_order":0,"comment_status":"closed","ping_status":"closed","template":"","meta":{"_monsterinsights_skip_tracking":false,"_monsterinsights_sitenote_active":false,"_monsterinsights_sitenote_note":"","_monsterinsights_sitenote_category":0,"footnotes":"","_links_to":"","_links_to_target":""},"class_list":["post-1628","page","type-page","status-publish","has-post-thumbnail","hentry"],"aioseo_notices":[],"_links":{"self":[{"href":"https:\/\/309manukahonig.de\/index.php\/wp-json\/wp\/v2\/pages\/1628","targetHints":{"allow":["GET"]}}],"collection":[{"href":"https:\/\/309manukahonig.de\/index.php\/wp-json\/wp\/v2\/pages"}],"about":[{"href":"https:\/\/309manukahonig.de\/index.php\/wp-json\/wp\/v2\/types\/page"}],"author":[{"embeddable":true,"href":"https:\/\/309manukahonig.de\/index.php\/wp-json\/wp\/v2\/users\/1"}],"replies":[{"embeddable":true,"href":"https:\/\/309manukahonig.de\/index.php\/wp-json\/wp\/v2\/comments?post=1628"}],"version-history":[{"count":5,"href":"https:\/\/309manukahonig.de\/index.php\/wp-json\/wp\/v2\/pages\/1628\/revisions"}],"predecessor-version":[{"id":12145,"href":"https:\/\/309manukahonig.de\/index.php\/wp-json\/wp\/v2\/pages\/1628\/revisions\/12145"}],"wp:featuredmedia":[{"embeddable":true,"href":"https:\/\/309manukahonig.de\/index.php\/wp-json\/wp\/v2\/media\/5403"}],"wp:attachment":[{"href":"https:\/\/309manukahonig.de\/index.php\/wp-json\/wp\/v2\/media?parent=1628"}],"curies":[{"name":"wp","href":"https:\/\/api.w.org\/{rel}","templated":true}]}}