{"id":1761,"date":"2019-12-12T14:44:33","date_gmt":"2019-12-12T13:44:33","guid":{"rendered":"https:\/\/309manukahonig.de\/?page_id=1761"},"modified":"2024-11-18T11:19:22","modified_gmt":"2024-11-18T10:19:22","slug":"anwendung-wirkung","status":"publish","type":"page","link":"https:\/\/309manukahonig.de\/index.php\/anwendung-wirkung\/","title":{"rendered":"Anwendung &#038; Wirkung"},"content":{"rendered":"\n<figure class=\"wp-block-image size-large\"><img loading=\"lazy\" decoding=\"async\" width=\"320\" height=\"240\" src=\"https:\/\/309manukahonig.de\/wp-content\/uploads\/2019\/12\/309-Honey-sign.jpeg\" alt=\"\" class=\"wp-image-1765\" srcset=\"https:\/\/309manukahonig.de\/wp-content\/uploads\/2019\/12\/309-Honey-sign.jpeg 320w, https:\/\/309manukahonig.de\/wp-content\/uploads\/2019\/12\/309-Honey-sign-300x225.jpeg 300w\" sizes=\"auto, (max-width: 320px) 100vw, 320px\" \/><\/figure>\n\n\n\n<p>\u201e309 Manuka Honig\u201c ist ein <strong>\u201cganz\npers\u00f6nliches\u201c<\/strong> Geschenk f\u00fcrs Leben. \n<\/p>\n\n\n\n<p>Ich bin sehr dankbar, dass er mir begegnet ist und ich heute mit dem Honig auf vielf\u00e4ltigeste Weise Gutes bewirken kann. HJier ein paar wichtichtige Anwendungs-Tipps:<\/p>\n\n\n\n<p><strong>Wenn Ihr den Honig in Tee oder hei\u00dfe Milch s aufl\u00f6sen m\u00f6chtet, dann bitte erst, wenn das Getr\u00e4nk Trinktemperatur hat. Also keine kochende Fl\u00fcssigkeit auf den Honig gie\u00dfen. Manuka Honig verliert ab 70 Grad seine Wirkung !!! \u201c<\/strong><\/p>\n\n\n\n<p><strong>Und bitte nicht an Kinder unter 12 Monate verabreichen<\/strong>.<\/p>\n\n\n\n<p><strong>Lagert ihn dunkel, bei Zimmertemperatur und unter 25 Grad. Im K\u00fchlschrank wird er &#8211; meinem Empfinden nach &#8211;\u00a0 zu fest.<br><\/strong>Ich m\u00f6chte Euch die Recherche \u00fcber die vielf\u00e4ltigen Anwendungs-M\u00f6glichkeiten und die ph\u00e4nomenalen Wirkungsweisen im Netz ans Herz legen. Eine Auflistung meinerseits kann nur l\u00fcckenhaft sein.<br>Im Shop findet Ihr das <a href=\"https:\/\/309manukahonig.de\/index.php\/product\/manuka-honig-das-allroundtalent-aus-neuseeland-fuer-ihr-wohlbefinden\/\" title=\"\">&#8220;Anwendungs-Buch&#8221; von Detlef Mix,<\/a> das ich seit einiger Zeit f\u00fcr Ihn verkaufe. Er ist mittlerweile ein guter Freund geworden, von dem ich all mein Wissen habe. Er forscht seit fast 20 Jahren mit Manuka-Honig und empfiehlt jetzt meinen Honig.<\/p>\n\n\n\n<p>Alles Liebe + Erf\u00fcllung<\/p>\n\n\n\n<p>Jonas<\/p>\n","protected":false},"excerpt":{"rendered":"<p>\u201e309 Manuka Honig\u201c ist ein \u201cganz pers\u00f6nliches\u201c Geschenk f\u00fcrs Leben. Ich bin sehr dankbar, dass er mir begegnet ist und&hellip; <a class=\"continue\" href=\"https:\/\/309manukahonig.de\/index.php\/anwendung-wirkung\/\">Continue Reading<span> Anwendung &#038; Wirkung<\/span><\/a><\/p>\n","protected":false},"author":1,"featured_media":0,"parent":0,"menu_order":0,"comment_status":"closed","ping_status":"closed","template":"","meta":{"_monsterinsights_skip_tracking":false,"_monsterinsights_sitenote_active":false,"_monsterinsights_sitenote_note":"","_monsterinsights_sitenote_category":0,"footnotes":"","_links_to":"","_links_to_target":""},"class_list":["post-1761","page","type-page","status-publish","hentry"],"aioseo_notices":[],"_links":{"self":[{"href":"https:\/\/309manukahonig.de\/index.php\/wp-json\/wp\/v2\/pages\/1761","targetHints":{"allow":["GET"]}}],"collection":[{"href":"https:\/\/309manukahonig.de\/index.php\/wp-json\/wp\/v2\/pages"}],"about":[{"href":"https:\/\/309manukahonig.de\/index.php\/wp-json\/wp\/v2\/types\/page"}],"author":[{"embeddable":true,"href":"https:\/\/309manukahonig.de\/index.php\/wp-json\/wp\/v2\/users\/1"}],"replies":[{"embeddable":true,"href":"https:\/\/309manukahonig.de\/index.php\/wp-json\/wp\/v2\/comments?post=1761"}],"version-history":[{"count":12,"href":"https:\/\/309manukahonig.de\/index.php\/wp-json\/wp\/v2\/pages\/1761\/revisions"}],"predecessor-version":[{"id":18150,"href":"https:\/\/309manukahonig.de\/index.php\/wp-json\/wp\/v2\/pages\/1761\/revisions\/18150"}],"wp:attachment":[{"href":"https:\/\/309manukahonig.de\/index.php\/wp-json\/wp\/v2\/media?parent=1761"}],"curies":[{"name":"wp","href":"https:\/\/api.w.org\/{rel}","templated":true}]}}