{"id":1772,"date":"2019-12-12T15:17:09","date_gmt":"2019-12-12T14:17:09","guid":{"rendered":"https:\/\/309manukahonig.de\/?page_id=1772"},"modified":"2020-01-03T17:29:24","modified_gmt":"2020-01-03T16:29:24","slug":"datenschutzerklaerung-dsgvo","status":"publish","type":"page","link":"https:\/\/309manukahonig.de\/index.php\/datenschutzerklaerung-dsgvo\/","title":{"rendered":"Datenschutzerkl\u00e4rung \/ DSGVO"},"content":{"rendered":"\n<p><strong>Grundlegendes<\/strong><\/p>\n\n\n\n<p>Diese Datenschutzerkl\u00e4rung soll die Nutzer dieser Website \u00fcber die  Art, den Umfang und den Zweck der Erhebung und Verwendung  personenbezogener Daten durch den Websitebetreiber OPEN CIRCLE MEDIA PRODUKTION GmbH &amp; CoKG informieren. <br>Der Websitebetreiber nimmt Ihren Datenschutz sehr  ernst und behandelt Ihre personenbezogenen Daten vertraulich und  entsprechend der gesetzlichen Vorschriften. Da durch neue Technologien  und die st\u00e4ndige Weiterentwicklung dieser Webseite \u00c4nderungen an dieser  Datenschutzerkl\u00e4rung vorgenommen werden k\u00f6nnen, empfehlen wir Ihnen sich  die Datenschutzerkl\u00e4rung in regelm\u00e4\u00dfigen Abst\u00e4nden wieder durchzulesen.  <br>Definitionen der verwendeten Begriffe (z.B. \u201cpersonenbezogene Daten\u201d oder \u201cVerarbeitung\u201d) finden Sie in Art. 4 DSGVO. <br><br><strong>Zugriffsdaten <\/strong><br>Wir,  der Websitebetreiber bzw. Seitenprovider, erheben aufgrund unseres  berechtigten Interesses (s. Art. 6 Abs. 1 lit. f. DSGVO) Daten \u00fcber  Zugriffe auf die Website und speichern diese als \u201eServer-Logfiles\u201c auf  dem Server der Website ab. Folgende Daten werden so protokolliert:<\/p>\n\n\n\n<p>\uf0b7 Besuchte Website<br>\uf0b7 Uhrzeit zum Zeitpunkt des Zugriffes<br>\uf0b7 Menge der gesendeten Daten in Byte<br>\uf0b7 Quelle\/Verweis, von welchem Sie auf die Seite gelangten<br>\uf0b7 Verwendeter Browser<br>\uf0b7 Verwendetes Betriebssystem<br>\uf0b7 Verwendete IP-Adresse<br><br>Die\n Server-Logfiles werden f\u00fcr maximal 7 Tage gespeichert und anschlie\u00dfend \ngel\u00f6scht. Die Speicherung der Daten erfolgt aus Sicherheitsgr\u00fcnden, um \nz. B. Missbrauchsf\u00e4lle aufkl\u00e4ren zu k\u00f6nnen. M\u00fcssen Daten aus \nBeweisgr\u00fcnden aufgehoben werden, sind sie solange von der L\u00f6schung \nausgenommen bis der Vorfall endg\u00fcltig gekl\u00e4rt ist.<br><br><strong>Reichweitenmessung &amp; Cookies<\/strong> <br>Diese\n Website verwendet Cookies zur pseudonymisierten Reichweitenmessung, die\n entweder von unserem Server oder dem Server Dritter an den Browser des \nNutzers \u00fcbertragen werden. Bei Cookies handelt es sich um kleine \nDateien, welche auf Ihrem Endger\u00e4t gespeichert werden. Ihr Browser \ngreift auf diese Dateien zu. Durch den Einsatz von Cookies erh\u00f6ht sich \ndie Benutzerfreundlichkeit und Sicherheit dieser Website. <br>Falls Sie \nnicht m\u00f6chten, dass Cookies zur Reichweitenmessung auf Ihrem Endger\u00e4t \ngespeichert werden, k\u00f6nnen Sie dem Einsatz dieser Dateien hier \nwidersprechen:<br><br><\/p>\n\n\n\n<p>\uf0b7 Cookie-Deaktivierungsseite der Netzwerkwerbeinitiative: http:\/\/optout.networkadvertising.org\/?c=1#!\/<br>\uf0b7 Cookie-Deaktivierungsseite der US-amerikanischen Website: http:\/\/optout.aboutads.info\/?c=2#!\/<br>\uf0b7 Cookie-Deaktivierungsseite der europ\u00e4ischen Website: http:\/\/optout.networkadvertising.org\/?c=1#!\/<\/p>\n\n\n\n<p>G\u00e4ngige Browser bieten die Einstellungsoption, Cookies nicht \nzuzulassen. Hinweis: Es ist nicht gew\u00e4hrleistet, dass Sie auf alle \nFunktionen dieser Website ohne Einschr\u00e4nkungen zugreifen k\u00f6nnen, wenn \nSie entsprechende Einstellungen vornehmen. <br>Erfassung und Verarbeitung personenbezogener Daten <br>Der\n Websitebetreiber erhebt, nutzt und gibt Ihre personenbezogenen Daten \nnur dann weiter, wenn dies im gesetzlichen Rahmen erlaubt ist oder Sie \nin die Datenerhebung einwilligen. Als personenbezogene Daten gelten \ns\u00e4mtliche Informationen, welche dazu dienen, Ihre Person zu bestimmen \nund welche zu Ihnen zur\u00fcckverfolgt werden k\u00f6nnen \u2013 also beispielsweise \nIhr Name, Ihre E-Mail-Adresse und Telefonnummer. <br>Diese Website \nk\u00f6nnen Sie auch besuchen, ohne Angaben zu Ihrer Person zu machen. Zur \nVerbesserung unseres Online-Angebotes speichern wir jedoch (ohne \nPersonenbezug) Ihre Zugriffsdaten auf diese Website. Zu diesen \nZugriffsdaten geh\u00f6ren z. B. die von Ihnen angeforderte Datei oder der \nName Ihres Internet-Providers. Durch die Anonymisierung der Daten sind \nR\u00fcckschl\u00fcsse auf Ihre Person nicht m\u00f6glich.<\/p>\n\n\n\n<p><strong>Umgang mit Kontaktdaten <\/strong><br> Nehmen Sie mit uns als \nWebsitebetreiber durch die angebotenen Kontaktm\u00f6glichkeiten Verbindung \nauf, werden Ihre Angaben gespeichert, damit auf diese zur Bearbeitung \nund Beantwortung Ihrer Anfrage zur\u00fcckgegriffen werden kann. Ohne Ihre \nEinwilligung werden diese Daten nicht an Dritte weitergegeben. <\/p>\n\n\n\n<p><strong>Umgang mit Kommentaren und Beitr\u00e4gen<\/strong><br>Hinterlassen\n Sie auf dieser Website einen Beitrag oder Kommentar, wird Ihre \nIP-Adresse gespeichert. Dies erfolgt aufgrund unserer berechtigten \nInteressen im Sinne des Art. 6 Abs. 1 lit. f. DSGVO und dient der \nSicherheit von uns als Websitebetreiber: Denn sollte Ihr Kommentar gegen\n geltendes Recht versto\u00dfen, k\u00f6nnen wir daf\u00fcr belangt werden, weshalb wir\n ein Interesse an der Identit\u00e4t des Kommentar- bzw. Beitragsautors \nhaben.  <\/p>\n\n\n\n<p><strong>Google Analytics<\/strong><br>Diese Website nutzt aufgrund \nunserer berechtigten Interessen zur Optimierung und Analyse unseres \nOnline-Angebots im Sinne des Art. 6 Abs. 1 lit. f. DSGVO den Dienst \n\u201eGoogle Analytics\u201c, welcher von der Google Inc. (1600 Amphitheatre \nParkway Mountain View, CA 94043, USA) angeboten wird. Der Dienst (Google\n Analytics) verwendet \u201eCookies\u201c \u2013 Textdateien, welche auf Ihrem Endger\u00e4t\n gespeichert werden. Die durch die Cookies gesammelten Informationen \nwerden im Regelfall an einen Google-Server in den USA gesandt und dort \ngespeichert. <br>Google LLC h\u00e4lt das europ\u00e4ische Datenschutzrecht ein und ist unter dem Privacy-Shield-Abkommen zertifiziert: <br>https:\/\/www.privacyshield.gov\/participant?id=a2zt000000001L5AAI&amp;status=Active <br>Auf\n dieser Website greift die IP-Anonymisierung. Die IP-Adresse der Nutzer \nwird innerhalb der Mitgliedsstaaten der EU und des Europ\u00e4ischen \nWirtschaftsraum und in den anderen Vertragsstaaten des Abkommens \ngek\u00fcrzt. Nur in Einzelf\u00e4llen wird die IP-Adresse zun\u00e4chst ungek\u00fcrzt in \ndie USA an einen Server von Google \u00fcbertragen und dort gek\u00fcrzt. Durch \ndiese K\u00fcrzung entf\u00e4llt der Personenbezug Ihrer IP-Adresse. Die vom \nBrowser \u00fcbermittelte IP-Adresse des Nutzers wird nicht mit anderen von \nGoogle gespeicherten Daten kombiniert. <br>Im Rahmen der Vereinbarung \nzur Auftragsdatenvereinbarung, welche wir als Websitebetreiber mit der \nGoogle Inc. geschlossen haben, erstellt diese mithilfe der gesammelten \nInformationen eine Auswertung der Websitenutzung und der \nWebsiteaktivit\u00e4t und erbringt mit der Internetnutzung verbundene \nDienstleistungen. <br>Die von Google in unserem Auftrag erhobenen Daten \nwerden genutzt, um die Nutzung unseres Online-Angebots durch die \neinzelnen Nutzer auswerten zu k\u00f6nnen, z. B. um Reports \u00fcber die \nAktivit\u00e4t auf der Website zu erstellen, um unser Online-Angebot zu \nverbessern.<\/p>\n\n\n\n<p>Sie haben die M\u00f6glichkeit, die Speicherung der Cookies auf Ihrem \nGer\u00e4t zu verhindern, indem Sie in Ihrem Browser entsprechende \nEinstellungen vornehmen. Es ist nicht gew\u00e4hrleistet, dass Sie auf alle \nFunktionen dieser Website ohne Einschr\u00e4nkungen zugreifen k\u00f6nnen, wenn \nIhr Browser keine Cookies zul\u00e4sst. <br>Weiterhin k\u00f6nnen Sie durch ein \nBrowser-Plugin verhindern, dass die durch Cookies gesammelten \nInformationen (inklusive Ihrer IP-Adresse) an die Google Inc. gesendet \nund von der Google Inc. genutzt werden. Folgender Link f\u00fchrt Sie zu dem \nentsprechenden Plugin: https:\/\/tools.google.com\/dlpage\/gaoptout?hl=de <br>Alternativ\n verhindern Sie mit einem Klick auf diesen Link (WICHTIG: Opt-Out-Link \neinf\u00fcgen), dass Google Analytics innerhalb dieser Website Daten \u00fcber Sie\n erfasst. Mit dem Klick auf obigen Link laden Sie ein \u201eOpt-Out-Cookie\u201c \nherunter. Ihr Browser muss die Speicherung von Cookies also hierzu \ngrunds\u00e4tzlich erlauben. L\u00f6schen Sie Ihre Cookies regelm\u00e4\u00dfig, ist ein \nerneuter Klick auf den Link bei jedem Besuch dieser Website vonn\u00f6ten.<\/p>\n\n\n\n<p>Hier finden Sie weitere Informationen zur Datennutzung durch die Google Inc.:<br>https:\/\/policies.google.com\/privacy\/partners?hl=de (Daten, die von Google-Partnern erhoben werden)<br>https:\/\/adssettings.google.de\/authenticated (Einstellungen \u00fcber Werbung, die Ihnen angezeigt wird)<br>https:\/\/policies.google.com\/technologies\/ads?hl=de (Verwendung von Cookies in Anzeigen)<\/p>\n\n\n\n<p><strong>Nutzung von Social-Media-Plugins von Facebook<\/strong><br>Aufgrund\n unseres berechtigten Interesses an der Analyse, Optimierung und dem \nBetrieb unseres Online-Angebotes (im Sinne des Art. 6 Abs. 1 lit. f. \nDSGVO), verwendet diese Website das Facebook-Social-Plugin, welches von \nder Facebook Inc. (1 Hacker Way, Menlo Park, California 94025, USA) \nbetrieben wird. Erkennbar sind die Einbindungen an dem Facebook-Logo \nbzw. an den Begriffen \u201eLike\u201c, \u201eGef\u00e4llt mir\u201c, \u201eTeilen\u201c in den Farben \nFacebooks (Blau und Wei\u00df). Informationen zu allen Facebook-Plugins \nfinden Sie \u00fcber den folgenden Link: \nhttps:\/\/developers.facebook.com\/docs\/plugins\/ <br>Facebook Inc. h\u00e4lt das europ\u00e4ische Datenschutzrecht ein und ist unter dem Privacy-Shield-Abkommen zertifiziert: <br>https:\/\/www.privacyshield.gov\/participant?id=a2zt0000000GnywAAC&amp;status=Active <br>Das\n Plugin stellt eine direkte Verbindung zwischen Ihrem Browser und den \nFacebook-Servern her. Der Websitebetreiber hat keinerlei Einfluss auf \ndie Natur und den Umfang der Daten, welche das Plugin an die Server der \nFacebook Inc. \u00fcbermittelt. Informationen dazu finden Sie hier: \nhttps:\/\/www.facebook.com\/help\/186325668085084 <br>Das Plugin informiert \ndie Facebook Inc. dar\u00fcber, dass Sie als Nutzer diese Website besucht \nhaben. Es besteht hierbei die M\u00f6glichkeit, dass Ihre IP-Adresse \ngespeichert wird. Sind Sie w\u00e4hrend des Besuchs auf dieser Website in \nIhrem Facebook-Konto eingeloggt, werden die genannten Informationen mit \ndiesem verkn\u00fcpft. <br>Nutzen Sie die Funktionen des Plugins \u2013 etwa indem\n Sie einen Beitrag teilen oder \u201eliken\u201c \u2013, werden die entsprechenden \nInformationen ebenfalls an die Facebook Inc. \u00fcbermittelt. M\u00f6chten Sie \nverhindern, dass die Facebook. Inc. diese Daten mit Ihrem Facebook-Konto\n verkn\u00fcpft, loggen Sie sich bitte vor dem Besuch dieser Website bei \nFacebook aus und l\u00f6schen Sie die gespeicherten Cookies. \u00dcber Ihr \nFacebook-Profil k\u00f6nnen Sie weitere Einstellungen zur Datenverarbeitung \nf\u00fcr Werbezwecke t\u00e4tigen oder der Nutzung Ihrer Daten f\u00fcr Werbezwecke \nwidersprechen. Zu den Einstellungen gelangen Sie hier:<\/p>\n\n\n\n<p>\uf0b7 Profileinstellungen bei Facebook:<br>https:\/\/www.facebook.com\/ads\/preferences\/?entry_product=ad_settings_screen<br>\uf0b7 Cookie-Deaktivierungsseite der US-amerikanischen Website:<br>http:\/\/optout.aboutads.info\/?c=2#!\/<br>\uf0b7 Cookie-Deaktivierungsseite der europ\u00e4ischen Website:<br>http:\/\/optout.networkadvertising.org\/?c=1#!\/<br><br>Welche\n Daten, zu welchem Zweck und in welchem Umfang Facebook Daten erhebt, \nnutzt und verarbeitet und welche Rechte sowie Einstellungsm\u00f6glichkeiten \nSie zum Schutz Ihrer Privatsph\u00e4re haben, k\u00f6nnen Sie in den \nDatenschutzrichtlinien von Facebook nachlesen. Diese finden Sie hier: \nhttps:\/\/www.facebook.com\/about\/privacy\/<\/p>\n\n\n\n<p><strong>Newsletter-Abonnement<\/strong><br>Der Websitebetreiber bietet\n Ihnen einen Newsletter an, in welchem er Sie \u00fcber aktuelle Geschehnisse\n und Angebote informiert. M\u00f6chten Sie den Newsletter abonnieren, m\u00fcssen \nSie eine valide E-Mail-Adresse angeben. Wenn Sie den Newsletter \nabonnieren, erkl\u00e4ren Sie sich mit dem Newsletter-Empfang und den \nerl\u00e4uterten Verfahren einverstanden. <br>Der Newsletterversand erfolgt durch Seamaster Pictures Ltd, Zum Turm 1, 29476 Gro\u00df Gusborn, Deutschland. <br>Widerruf\n und K\u00fcndigung: Ihre Einwilligung zum Erhalt des Newsletter k\u00f6nnen Sie \njederzeit widerrufen und somit das Newsletter-Abonnement k\u00fcndigen. Nach \nIhrer K\u00fcndigung erfolgt die L\u00f6schung Ihre personenbezogenen Daten. Ihre \nEinwilligung in den Newsletterversand erlischt gleichzeitig. Am Ende \njedes Newsletters finden Sie den Link zur K\u00fcndigung.<\/p>\n\n\n\n<p><strong>Rechte des Nutzers<\/strong><br>Sie haben als Nutzer das \nRecht, auf Antrag eine kostenlose Auskunft dar\u00fcber zu erhalten, welche \npersonenbezogenen Daten \u00fcber Sie gespeichert wurden. Sie haben au\u00dferdem \ndas Recht auf Berichtigung falscher Daten und auf die \nVerarbeitungseinschr\u00e4nkung oder L\u00f6schung Ihrer personenbezogenen Daten. \nFalls zutreffend, k\u00f6nnen Sie auch Ihr Recht auf Datenportabilit\u00e4t \ngeltend machen. Sollten Sie annehmen, dass Ihre Daten unrechtm\u00e4\u00dfig \nverarbeitet wurden, k\u00f6nnen Sie eine Beschwerde bei der zust\u00e4ndigen \nAufsichtsbeh\u00f6rde einreichen.<\/p>\n\n\n\n<p><strong>L\u00f6schung von Daten<\/strong><br>Sofern Ihr Wunsch nicht mit \neiner gesetzlichen Pflicht zur Aufbewahrung von Daten (z. B. \nVorratsdatenspeicherung) kollidiert, haben Sie ein Anrecht auf L\u00f6schung \nIhrer Daten. Von uns gespeicherte Daten werden, sollten sie f\u00fcr ihre \nZweckbestimmung nicht mehr vonn\u00f6ten sein und es keine gesetzlichen \nAufbewahrungsfristen geben, gel\u00f6scht. Falls eine L\u00f6schung nicht \ndurchgef\u00fchrt werden kann, da die Daten f\u00fcr zul\u00e4ssige gesetzliche Zwecke \nerforderlich sind, erfolgt eine Einschr\u00e4nkung der Datenverarbeitung. In \ndiesem Fall werden die Daten gesperrt und nicht f\u00fcr andere Zwecke \nverarbeitet.<\/p>\n\n\n\n<p>Widerspruchsrecht<br>Nutzer dieser Webseite k\u00f6nnen von ihrem  Widerspruchsrecht Gebrauch machen und der Verarbeitung ihrer  personenbezogenen Daten zu jeder Zeit widersprechen. Wenn Sie eine  Berichtigung, Sperrung, L\u00f6schung oder Auskunft \u00fcber die zu Ihrer Person  gespeicherten personenbezogenen Daten w\u00fcnschen oder Fragen bzgl. der  Erhebung, Verarbeitung oder Verwendung Ihrer personenbezogenen Daten  haben oder erteilte Einwilligungen widerrufen m\u00f6chten, wenden Sie sich  bitte an folgende E-Mail-Adresse: datenschutz@309manukahonik.de<\/p>\n","protected":false},"excerpt":{"rendered":"<p>Grundlegendes Diese Datenschutzerkl\u00e4rung soll die Nutzer dieser Website \u00fcber die Art, den Umfang und den Zweck der Erhebung und Verwendung&hellip; <a class=\"continue\" href=\"https:\/\/309manukahonig.de\/index.php\/datenschutzerklaerung-dsgvo\/\">Continue Reading<span> Datenschutzerkl\u00e4rung \/ DSGVO<\/span><\/a><\/p>\n","protected":false},"author":1,"featured_media":0,"parent":0,"menu_order":0,"comment_status":"closed","ping_status":"closed","template":"","meta":{"_monsterinsights_skip_tracking":false,"_monsterinsights_sitenote_active":false,"_monsterinsights_sitenote_note":"","_monsterinsights_sitenote_category":0,"footnotes":"","_links_to":"","_links_to_target":""},"class_list":["post-1772","page","type-page","status-publish","hentry"],"aioseo_notices":[],"_links":{"self":[{"href":"https:\/\/309manukahonig.de\/index.php\/wp-json\/wp\/v2\/pages\/1772","targetHints":{"allow":["GET"]}}],"collection":[{"href":"https:\/\/309manukahonig.de\/index.php\/wp-json\/wp\/v2\/pages"}],"about":[{"href":"https:\/\/309manukahonig.de\/index.php\/wp-json\/wp\/v2\/types\/page"}],"author":[{"embeddable":true,"href":"https:\/\/309manukahonig.de\/index.php\/wp-json\/wp\/v2\/users\/1"}],"replies":[{"embeddable":true,"href":"https:\/\/309manukahonig.de\/index.php\/wp-json\/wp\/v2\/comments?post=1772"}],"version-history":[{"count":2,"href":"https:\/\/309manukahonig.de\/index.php\/wp-json\/wp\/v2\/pages\/1772\/revisions"}],"predecessor-version":[{"id":2187,"href":"https:\/\/309manukahonig.de\/index.php\/wp-json\/wp\/v2\/pages\/1772\/revisions\/2187"}],"wp:attachment":[{"href":"https:\/\/309manukahonig.de\/index.php\/wp-json\/wp\/v2\/media?parent=1772"}],"curies":[{"name":"wp","href":"https:\/\/api.w.org\/{rel}","templated":true}]}}