{"id":2315,"date":"2020-01-08T12:56:01","date_gmt":"2020-01-08T11:56:01","guid":{"rendered":"https:\/\/309manukahonig.de\/?page_id=2315"},"modified":"2021-06-01T13:17:28","modified_gmt":"2021-06-01T11:17:28","slug":"regie-film","status":"publish","type":"page","link":"https:\/\/309manukahonig.de\/index.php\/regie-film\/","title":{"rendered":"Regie + Film"},"content":{"rendered":"<p><strong>Wenn mir jemand mal erz\u00e4hlt h\u00e4tte, dass ich bei \u00fcber 1.000 Folgen &#8220;Sturm der Liebe&#8221; Regie f\u00fchren werde, h\u00e4tte ich das niemals geglaubt. Es ist jedoch der Fall &#8211; und es macht immer noch einen riesen Spa\u00df. Seit 14 Jahren stehe ich morgens gern auf, um mit diesem au\u00dferordentlich talentierten Schauspiel-Ensamble und dem immer noch motivierten Team weitere Folgen zu gestalten. Danke Bavaria-Fiction !!!<\/strong><\/p>\n<figure id=\"attachment_2706\" aria-describedby=\"caption-attachment-2706\" style=\"width: 1024px\" class=\"wp-caption aligncenter\"><img loading=\"lazy\" decoding=\"async\" class=\"wp-image-2706 size-large\" src=\"https:\/\/309manukahonig.de\/wp-content\/uploads\/2020\/01\/jonas_dreh-1024x685.jpg\" alt=\"\" width=\"1024\" height=\"685\" srcset=\"https:\/\/309manukahonig.de\/wp-content\/uploads\/2020\/01\/jonas_dreh-1024x685.jpg 1024w, https:\/\/309manukahonig.de\/wp-content\/uploads\/2020\/01\/jonas_dreh-600x402.jpg 600w, https:\/\/309manukahonig.de\/wp-content\/uploads\/2020\/01\/jonas_dreh-300x201.jpg 300w, https:\/\/309manukahonig.de\/wp-content\/uploads\/2020\/01\/jonas_dreh-768x514.jpg 768w, https:\/\/309manukahonig.de\/wp-content\/uploads\/2020\/01\/jonas_dreh-370x248.jpg 370w, https:\/\/309manukahonig.de\/wp-content\/uploads\/2020\/01\/jonas_dreh-760x509.jpg 760w, https:\/\/309manukahonig.de\/wp-content\/uploads\/2020\/01\/jonas_dreh.jpg 1200w\" sizes=\"auto, (max-width: 1024px) 100vw, 1024px\" \/><figcaption id=\"caption-attachment-2706\" class=\"wp-caption-text\">Vorbereitung einer Szene mit Mona Seefried und Joachim L\u00e4tsch<\/figcaption><\/figure>\n<p>Nat\u00fcrlich habe ich in den letzten 35 Jahren auch andere Filme als Regisseur, Kameramann und Produzent gedreht und mit vielen wertvollen Menschen gearbeitet. Anthony Quinn, David Warner, Dennis Hopper, Andy Garcia, Bruno Ganz, etc. etc. um nur Einige einer wunderbaren, endlosen Liste zu nennen. Ich bin so dankbar &#8211; und m\u00f6ge es noch lange Zeit so weiter gehen.<\/p>\n<p>Wenn Du mehr dar\u00fcber erfahren m\u00f6chtest, auch wie ich \u00fcberhaupt ins Film-Business und zur Regie kam und vielleicht ein paar Ausschnitte sehen m\u00f6chtest, dann schau auf meine Website<br \/>\n<a href=\"http:\/\/www.jonas-director.com\" target=\"_blank\" rel=\"noopener noreferrer\">Jonas-Director<\/a><\/p>\n<p>Oder solltest Du Dich auch \u00fcber meinen Weg als Post-Produzent und internationaler Film-Produzent informieren wollen, dann findest Du alles auf meiner Firmenseite<br \/>\n<a href=\"http:\/\/www.open-circle-media.de\" target=\"_blank\" rel=\"noopener noreferrer\">OPEN CIRCLE MEDIA<\/a><\/p>\n<p>Stefan Jonas bei Wikipedia.<br \/>\n<a href=\"https:\/\/de.wikipedia.org\/wiki\/Stefan_Jonas\" target=\"_blank\" rel=\"noopener noreferrer\">WIKIPEDIA<\/a><\/p>\n<p><em>Einen meiner Filme kannst Du jetzt auch \u00fcber Amazon anschauen: &#8220;Rave MacBeth&#8221;. 2001 habe ich den ersten Spielfilm der Welt auf HD produziert. Mit mehr als 5000 Komparsen, internationalem Cast, spektakul\u00e4rer Kamera, Visual Effects und Ausstattung ist ein Rave-Film der ganz besonderen Art entstanden. Und f\u00fcr Musik-Fans: Tom Novy, Phil Fuldner und Tom Kraft haben nicht nur zum Soundtrack beigetragen, sondern standen auch vor der Kamera.<br \/>\n<a href=\"https:\/\/www.amazon.de\/gp\/video\/detail\/B08MBVCJRD\/ref=atv_dp_share_cu_r\">Amazon Prime Video<\/a><br \/>\n<\/em><\/p>\n","protected":false},"excerpt":{"rendered":"<p>Wenn mir jemand mal erz\u00e4hlt h\u00e4tte, dass ich bei \u00fcber 1.000 Folgen &#8220;Sturm der Liebe&#8221; Regie f\u00fchren werde, h\u00e4tte ich&hellip; <a class=\"continue\" href=\"https:\/\/309manukahonig.de\/index.php\/regie-film\/\">Continue Reading<span> Regie + Film<\/span><\/a><\/p>\n","protected":false},"author":1,"featured_media":2321,"parent":0,"menu_order":0,"comment_status":"closed","ping_status":"closed","template":"","meta":{"_monsterinsights_skip_tracking":false,"_monsterinsights_sitenote_active":false,"_monsterinsights_sitenote_note":"","_monsterinsights_sitenote_category":0,"footnotes":"","_links_to":"","_links_to_target":""},"class_list":["post-2315","page","type-page","status-publish","has-post-thumbnail","hentry"],"aioseo_notices":[],"_links":{"self":[{"href":"https:\/\/309manukahonig.de\/index.php\/wp-json\/wp\/v2\/pages\/2315","targetHints":{"allow":["GET"]}}],"collection":[{"href":"https:\/\/309manukahonig.de\/index.php\/wp-json\/wp\/v2\/pages"}],"about":[{"href":"https:\/\/309manukahonig.de\/index.php\/wp-json\/wp\/v2\/types\/page"}],"author":[{"embeddable":true,"href":"https:\/\/309manukahonig.de\/index.php\/wp-json\/wp\/v2\/users\/1"}],"replies":[{"embeddable":true,"href":"https:\/\/309manukahonig.de\/index.php\/wp-json\/wp\/v2\/comments?post=2315"}],"version-history":[{"count":11,"href":"https:\/\/309manukahonig.de\/index.php\/wp-json\/wp\/v2\/pages\/2315\/revisions"}],"predecessor-version":[{"id":5463,"href":"https:\/\/309manukahonig.de\/index.php\/wp-json\/wp\/v2\/pages\/2315\/revisions\/5463"}],"wp:featuredmedia":[{"embeddable":true,"href":"https:\/\/309manukahonig.de\/index.php\/wp-json\/wp\/v2\/media\/2321"}],"wp:attachment":[{"href":"https:\/\/309manukahonig.de\/index.php\/wp-json\/wp\/v2\/media?parent=2315"}],"curies":[{"name":"wp","href":"https:\/\/api.w.org\/{rel}","templated":true}]}}