{"id":5541,"date":"2021-08-04T20:28:00","date_gmt":"2021-08-04T18:28:00","guid":{"rendered":"https:\/\/309manukahonig.de\/?page_id=5541"},"modified":"2021-08-04T20:28:05","modified_gmt":"2021-08-04T18:28:05","slug":"stefan-jonas-business-cv","status":"publish","type":"page","link":"https:\/\/309manukahonig.de\/index.php\/stefan-jonas-business-cv\/","title":{"rendered":"Stefan Jonas Business CV"},"content":{"rendered":"\n<p><strong>Stefan Jonas Business CV<\/strong><\/p>\n\n\n\n<p>1991 gru\u0308ndete Stefan Jonas mit drei Partnern die Postproduktionsfirma DAS WERK, die im Laufe der Jahre zur dritt-gr\u00f6\u00dften Postproduktionsgesellschaft der Welt anwuchs. Neben der Gesch\u00e4ftsfu\u0308hrung akquirierte er weltweit Projekte zur Nachbearbeitung wie \u201cENEMIE AT THE GATES\u201d, \u201cTHE PIANIST\u201d, \u201cLOLA RENNT\u201d. 1995 produzierte er den englischen Spielfilm \u201eSeven Servants\u201c, mit Anthony Quinn in der Hauprolle, und ebenso Co-Regisseur. DAS WERK ging 1999 an die B\u00f6rse.<\/p>\n\n\n\n<p><br>2000 gru\u0308ndete er die international Filmproduktion FRAME WERK PRODUKTION GMBH &amp; CO. KG und produzierte den ersten HD Spielfilm der Welt \u201cRAVE MACBETH&#8221; und war Executive Producer der kanadischen Sci-Fi TV- Series &#8220;STAR HUNTER&#8221; mit Michael Par\u00e9 (22 Episoden).<br>Seine Zusammenarbeit mit Banken, Sales-Agents, Verleihern und Produzenten auf der ganzen Welt machte ihn zum Experten fu\u0308r die Entwicklung und Finanzierung von internationalen Filmproduktionen.<br>Es enstanden Filme wie: &#8220;THE COMPANY&#8221; von dem siebenfach Oskar nominierten Regisseur Robert Altman, Neve Campbell and Malcolm McDowell, oder &#8220;EULOGY&#8221; produziert von Steven Haft (Club der toten Dichter) mit Roy Romano und Oskar-Gewinnerin Debra Winger.<\/p>\n\n\n\n<p><br>Ebenso Koproduktionen bei &#8220;OUT OF SEASON&#8221;, mit Dennis Hopper, Gina Gershon und Dominique Swain; &#8220;DIGITAL JESUS&#8221; mit Armand Assante und &#8220;MODIGLIANI&#8221; mit Andy Garcia. (weiteres finden Sie bei IMDB)<br>Zus\u00e4tzlich beriet Stefan Jonas u\u0308ber Jahre den Vorstand der Cinemedia AG, im Bereich international Gesch\u00e4ftsentwicklung und Filmproduktions-Finanzierung.<br>2005 \u2013 2010 war er Mitgru\u0308nder, Partner und Co-Gesch\u00e4ftsfu\u0308hrer des Privat-Equity Funds \u201cSilverreel\u201d, der bis heute in zahllose international Spielfilme investiert.<\/p>\n\n\n\n<p><br>Seitdem ber\u00e4t er mit seinem Netzwerk und Erfahrungen im internationalem Filmmarkt nur noch Freunde.<br>Vor kurzem brachte ihn das Schicksal (er glaubt nicht an Zuf\u00e4lle) dazu seine Filmproduktion \u201eOPEN CIRCLE MEDIA Produktions GmbH%CoKG\u201c wieder zu beleben. Eine Platform und ein \u201eoffener Kreis fu\u0308r offene Menschen\u201c.<br>Zus\u00e4tzlich produzierte er Ende 2020 das Theaterstu\u0308ck \u201eMeier, Mu\u0308ller, Schulz\u201c unter seiner Regie und importiert direkt aus Neuseeland den besonderen Manuka Honig nach Europa. Vision ist mit den Gewinnen aus dem Manuka-Vertrieb in Erfinder und Firmen zu investieren, die sich mit der Herstellung und Vertrieb von kompostierbarem Plastik aus Hanf besch\u00e4ftigen.<\/p>\n\n\n\n<p><strong>Referenzen:<\/strong><br>Barry Hirsch \u2013 Lawyer L.A.<br>Wilder Knight \u2013 Lawyer N.Y.<br>Wolfgang Brehm \u2013 Lawyer Berlin<br>Michel Shane \u2013 Producer L.A. (I Robot, Catch me if you can)<br>Silvio Astarita \u2013 Producer Toronto<br>Alan Lathan \u2013 Producer London<br>Philo Petersen \u2013 Producer South Africa<br>Kathy Morgan \u2013 Sales Agent L.A.<\/p>\n\n\n\n<p><\/p>\n\n\n\n<figure class=\"wp-block-image size-large\"><img loading=\"lazy\" decoding=\"async\" width=\"1024\" height=\"683\" src=\"https:\/\/309manukahonig.de\/wp-content\/uploads\/2021\/08\/Jonas-bei-SDL-a-3474-1024x683.jpg\" alt=\"\" class=\"wp-image-5542\" srcset=\"https:\/\/309manukahonig.de\/wp-content\/uploads\/2021\/08\/Jonas-bei-SDL-a-3474-1024x683.jpg 1024w, https:\/\/309manukahonig.de\/wp-content\/uploads\/2021\/08\/Jonas-bei-SDL-a-3474-600x400.jpg 600w, https:\/\/309manukahonig.de\/wp-content\/uploads\/2021\/08\/Jonas-bei-SDL-a-3474-300x200.jpg 300w, https:\/\/309manukahonig.de\/wp-content\/uploads\/2021\/08\/Jonas-bei-SDL-a-3474-768x512.jpg 768w, https:\/\/309manukahonig.de\/wp-content\/uploads\/2021\/08\/Jonas-bei-SDL-a-3474-1536x1024.jpg 1536w, https:\/\/309manukahonig.de\/wp-content\/uploads\/2021\/08\/Jonas-bei-SDL-a-3474-2048x1365.jpg 2048w, https:\/\/309manukahonig.de\/wp-content\/uploads\/2021\/08\/Jonas-bei-SDL-a-3474-370x247.jpg 370w, https:\/\/309manukahonig.de\/wp-content\/uploads\/2021\/08\/Jonas-bei-SDL-a-3474-760x507.jpg 760w\" sizes=\"auto, (max-width: 1024px) 100vw, 1024px\" \/><figcaption>Foto  \u00a9 Christoph Arnold<\/figcaption><\/figure>\n\n\n\n<p><a href=\"https:\/\/309manukahonig.de\/wp-content\/uploads\/2021\/08\/Jonas-CV-business-deutsch-28.Juli2021.pdf\" target=\"_blank\" rel=\"noreferrer noopener\">Business CV als PDF Download<\/a><\/p>\n","protected":false},"excerpt":{"rendered":"<p>Stefan Jonas Business CV 1991 gru\u0308ndete Stefan Jonas mit drei Partnern die Postproduktionsfirma DAS WERK, die im Laufe der Jahre&hellip; <a class=\"continue\" href=\"https:\/\/309manukahonig.de\/index.php\/stefan-jonas-business-cv\/\">Continue Reading<span> Stefan Jonas Business CV<\/span><\/a><\/p>\n","protected":false},"author":1,"featured_media":0,"parent":0,"menu_order":0,"comment_status":"closed","ping_status":"closed","template":"","meta":{"_monsterinsights_skip_tracking":false,"_monsterinsights_sitenote_active":false,"_monsterinsights_sitenote_note":"","_monsterinsights_sitenote_category":0,"footnotes":"","_links_to":"","_links_to_target":""},"class_list":["post-5541","page","type-page","status-publish","hentry"],"aioseo_notices":[],"_links":{"self":[{"href":"https:\/\/309manukahonig.de\/index.php\/wp-json\/wp\/v2\/pages\/5541","targetHints":{"allow":["GET"]}}],"collection":[{"href":"https:\/\/309manukahonig.de\/index.php\/wp-json\/wp\/v2\/pages"}],"about":[{"href":"https:\/\/309manukahonig.de\/index.php\/wp-json\/wp\/v2\/types\/page"}],"author":[{"embeddable":true,"href":"https:\/\/309manukahonig.de\/index.php\/wp-json\/wp\/v2\/users\/1"}],"replies":[{"embeddable":true,"href":"https:\/\/309manukahonig.de\/index.php\/wp-json\/wp\/v2\/comments?post=5541"}],"version-history":[{"count":2,"href":"https:\/\/309manukahonig.de\/index.php\/wp-json\/wp\/v2\/pages\/5541\/revisions"}],"predecessor-version":[{"id":5545,"href":"https:\/\/309manukahonig.de\/index.php\/wp-json\/wp\/v2\/pages\/5541\/revisions\/5545"}],"wp:attachment":[{"href":"https:\/\/309manukahonig.de\/index.php\/wp-json\/wp\/v2\/media?parent=5541"}],"curies":[{"name":"wp","href":"https:\/\/api.w.org\/{rel}","templated":true}]}}