{"id":5237,"date":"2020-11-04T21:19:59","date_gmt":"2020-11-04T20:19:59","guid":{"rendered":"https:\/\/309manukahonig.de\/?post_type=product&#038;p=5237"},"modified":"2025-08-18T13:01:37","modified_gmt":"2025-08-18T11:01:37","slug":"manuka-honig-das-allroundtalent-aus-neuseeland-fuer-ihr-wohlbefinden","status":"publish","type":"product","link":"https:\/\/309manukahonig.de\/index.php\/product\/manuka-honig-das-allroundtalent-aus-neuseeland-fuer-ihr-wohlbefinden\/","title":{"rendered":"Manuka-Honig &#8211; Das Allroundtalent aus Neuseeland f\u00fcr Ihr Wohlbefinden"},"content":{"rendered":"<p><strong><span class=\"readonlyText\" title=\"Praxis-Ratgeber mit Anwendungstipps, Erfahrungsberichten und Rezepten\">Manuka-Honig &#8211; Das Allroundtalent aus Neuseeland f\u00fcr Ihr Wohlbefinden<br \/>\nPraxis-Ratgeber mit Anwendungstipps, Erfahrungsberichten und Rezepten<\/span><\/strong><\/p>\n<p><span class=\"readonlyText multiple\">Manuka-Honig, aus dem Nektar der neuseel\u00e4ndischen S\u00fcdseemyrte gewonnen, verf\u00fcgt \u00fcber eine erstaunliche antimikrobielle, entz\u00fcndungshemmende und heilungsf\u00f6rdernde Wirkung. Er eignet sich zur inneren und \u00e4u\u00dferen Anwendung. Dieses Buch in seinem praktischen Format bietet eine F\u00fclle an Informationen, Anwendungstipps sowie Erfahrungsberichten und hilft Ihnen, den kostbaren Manuka-Honig mit Gef\u00fchl und Verstand m\u00f6glichst effektiv einzusetzen. <\/span>Eine kleine Auswahl an Rezepten sowie Tipps zum f\u00e4lschungssicheren Kauf von Manuka-Honig runden diesen Ratgeber ab.<\/p>\n<p><span class=\"readonlyText multiple\"><u>\u00dcber den Autor:<\/u><br \/>\nDer Autor und Heilpraktiker <strong>Detlef Mix<\/strong> lebt und arbeitet in St. Blasien im S\u00fcdschwarzwald. Als Mitglied im Deutschen Apitherapie-Bund sowie mit seinen B\u00fcchern \u201eDie Heilkraft des Honigs\u201c und \u201eManuka-Honig \u2013 Ein Naturprodukt mit au\u00dfergew\u00f6hnlicher Heilkraft\u201c erwarb sich der Honeyman einen guten Ruf als Kenner der Materie. Sein letztes Buch wurde gar als wichtigstes Standardwerk zum Thema Manuka-Honig gepriesen. Nun hat er einen handlichen Ratgeber zu diesem neuseel\u00e4ndischen Honigjuwel nachgelegt.<\/span><\/p>\n<p><b>Taschenbuch:<\/b> 128 Seiten<br \/>\n<strong>Format: <\/strong>16,5 x 11,5 cm<br \/>\n<b>Verlag:<\/b> 360\u00b0 medien; 4. Auflage<br \/>\n<b>ISBN:<\/b> 978-3-96855-597-3<\/p>\n","protected":false},"excerpt":{"rendered":"<p><strong>Kein Versand an Packstation!<\/strong> <a class=\"continue\" href=\"https:\/\/309manukahonig.de\/index.php\/product\/manuka-honig-das-allroundtalent-aus-neuseeland-fuer-ihr-wohlbefinden\/\">Continue Reading<span> Manuka-Honig &#8211; Das Allroundtalent aus Neuseeland f\u00fcr Ihr Wohlbefinden<\/span><\/a><\/p>\n","protected":false},"featured_media":20318,"comment_status":"open","ping_status":"closed","template":"","meta":{"_monsterinsights_skip_tracking":false,"_monsterinsights_sitenote_active":false,"_monsterinsights_sitenote_note":"","_monsterinsights_sitenote_category":0,"_links_to":"","_links_to_target":""},"product_brand":[],"product_cat":[85],"product_tag":[],"class_list":{"0":"post-5237","1":"product","2":"type-product","3":"status-publish","4":"has-post-thumbnail","6":"product_cat-manuka-honig","8":"first","9":"instock","10":"taxable","11":"shipping-taxable","12":"purchasable","13":"product-type-simple"},"aioseo_notices":[],"_links":{"self":[{"href":"https:\/\/309manukahonig.de\/index.php\/wp-json\/wp\/v2\/product\/5237","targetHints":{"allow":["GET"]}}],"collection":[{"href":"https:\/\/309manukahonig.de\/index.php\/wp-json\/wp\/v2\/product"}],"about":[{"href":"https:\/\/309manukahonig.de\/index.php\/wp-json\/wp\/v2\/types\/product"}],"replies":[{"embeddable":true,"href":"https:\/\/309manukahonig.de\/index.php\/wp-json\/wp\/v2\/comments?post=5237"}],"wp:featuredmedia":[{"embeddable":true,"href":"https:\/\/309manukahonig.de\/index.php\/wp-json\/wp\/v2\/media\/20318"}],"wp:attachment":[{"href":"https:\/\/309manukahonig.de\/index.php\/wp-json\/wp\/v2\/media?parent=5237"}],"wp:term":[{"taxonomy":"product_brand","embeddable":true,"href":"https:\/\/309manukahonig.de\/index.php\/wp-json\/wp\/v2\/product_brand?post=5237"},{"taxonomy":"product_cat","embeddable":true,"href":"https:\/\/309manukahonig.de\/index.php\/wp-json\/wp\/v2\/product_cat?post=5237"},{"taxonomy":"product_tag","embeddable":true,"href":"https:\/\/309manukahonig.de\/index.php\/wp-json\/wp\/v2\/product_tag?post=5237"}],"curies":[{"name":"wp","href":"https:\/\/api.w.org\/{rel}","templated":true}]}}