{"id":5447,"date":"2021-04-30T21:43:46","date_gmt":"2021-04-30T19:43:46","guid":{"rendered":"https:\/\/309manukahonig.de\/?post_type=product&#038;p=5447"},"modified":"2026-04-15T21:32:05","modified_gmt":"2026-04-15T19:32:05","slug":"309-manuka-honig-mgo-650","status":"publish","type":"product","link":"https:\/\/309manukahonig.de\/index.php\/product\/309-manuka-honig-mgo-650\/","title":{"rendered":"309 Manuka Honig MGO 650+"},"content":{"rendered":"<h6><strong>Manuka Honig &#8211; das nat\u00fcrliche Lebenselixier. &#8220;Ganz pers\u00f6nlich&#8221; importiert von liebevollen Imkern aus Coromandel, Neuseeland. Der MGOt Gehalt wurde von der TU Dresden f\u00fcr Lebensmittelchemie getestet und mit MGO 650+ analysiert und bewertet.<\/strong><\/h6>\n<h4>***<\/h4>\n<h6><em><strong>ab 2 Gl\u00e4ser VERSANDKOSTENFREI<\/strong><br \/>\n***<br \/>\n<\/em><\/h6>\n<p><strong>\u00a0<\/strong><\/p>\n<ul class=\"a-unordered-list a-vertical a-spacing-none\">\n<li><span class=\"a-list-item\"> Artgerechte Bienenhaltung und schonendes Gewinnungs-Verfahren <\/span><\/li>\n<li><span class=\"a-list-item\"> von Neuseel\u00e4ndischem Labor und zus\u00e4tzlich von der TU-Dresden f\u00fcr Lebensmittelchemiee getestet und bewertet <\/span><\/li>\n<li><span class=\"a-list-item\"> Besonders milder Geschmack. 100% pur und nat\u00fcrlich. Ohne Zus\u00e4tze, Geschmacksverst\u00e4rker oder Konservierungsstoffe <\/span><\/li>\n<li><span class=\"a-list-item\"> &#8220;Ganz pers\u00f6nlich&#8221; importiert von privater Imkerei <\/span><\/li>\n<li><span class=\"a-list-item\"> Erl\u00f6se unterst\u00fctzen einen guten Zweck<br \/>\n<\/span><\/li>\n<\/ul>\n<p>100 Gramm:<br \/>\nEnergie (kcal) 327 kcal,<br \/>\nEiwei\u00df 0,31 g,<br \/>\nFett 0,0 g,<br \/>\ndavon Ges\u00e4ttigte Fetts\u00e4uren 0,0 g,<br \/>\nKohlenhydrate 80,0 g,<br \/>\ndavon Zucker 71,0 g,<br \/>\nSalz 0,09 g<\/p>\n<p><em>Bitte trocken und unter 25 Grad lagern.<br \/>\nNicht geeignet f\u00fcr Kinder unter 12 Monaten.<br \/>\nBitte nicht in Getr\u00e4nke \u00fcber 40 Grad geben.\u00a0<\/em><\/p>\n","protected":false},"excerpt":{"rendered":"<p><strong>Je Glas 250g \/ MGO 650+<br \/>\n<\/strong><\/p>\n<h6><em>ab 2 Gl\u00e4ser VERSANDKOSTENFREI<br \/>\n<\/em><\/h6>\n<p>Gilt nur f\u00fcr den Versand in Deutschland! <a class=\"continue\" href=\"https:\/\/309manukahonig.de\/index.php\/product\/309-manuka-honig-mgo-650\/\">Continue Reading<span> 309 Manuka Honig MGO 650+<\/span><\/a><\/p>\n","protected":false},"featured_media":18656,"comment_status":"open","ping_status":"closed","template":"","meta":{"_monsterinsights_skip_tracking":false,"_monsterinsights_sitenote_active":false,"_monsterinsights_sitenote_note":"","_monsterinsights_sitenote_category":0,"_links_to":"","_links_to_target":""},"product_brand":[],"product_cat":[110,113,85,98],"product_tag":[105,108,109],"class_list":{"0":"post-5447","1":"product","2":"type-product","3":"status-publish","4":"has-post-thumbnail","6":"product_cat-manuka-honig-650","7":"product_cat-energie","8":"product_cat-manuka-honig","9":"product_cat-manuka-honig-300","10":"product_tag-manuka-honig","11":"product_tag-manuka-650","12":"product_tag-309-manukahonig","14":"first","15":"instock","16":"taxable","17":"shipping-taxable","18":"purchasable","19":"product-type-simple"},"aioseo_notices":[],"_links":{"self":[{"href":"https:\/\/309manukahonig.de\/index.php\/wp-json\/wp\/v2\/product\/5447","targetHints":{"allow":["GET"]}}],"collection":[{"href":"https:\/\/309manukahonig.de\/index.php\/wp-json\/wp\/v2\/product"}],"about":[{"href":"https:\/\/309manukahonig.de\/index.php\/wp-json\/wp\/v2\/types\/product"}],"replies":[{"embeddable":true,"href":"https:\/\/309manukahonig.de\/index.php\/wp-json\/wp\/v2\/comments?post=5447"}],"wp:featuredmedia":[{"embeddable":true,"href":"https:\/\/309manukahonig.de\/index.php\/wp-json\/wp\/v2\/media\/18656"}],"wp:attachment":[{"href":"https:\/\/309manukahonig.de\/index.php\/wp-json\/wp\/v2\/media?parent=5447"}],"wp:term":[{"taxonomy":"product_brand","embeddable":true,"href":"https:\/\/309manukahonig.de\/index.php\/wp-json\/wp\/v2\/product_brand?post=5447"},{"taxonomy":"product_cat","embeddable":true,"href":"https:\/\/309manukahonig.de\/index.php\/wp-json\/wp\/v2\/product_cat?post=5447"},{"taxonomy":"product_tag","embeddable":true,"href":"https:\/\/309manukahonig.de\/index.php\/wp-json\/wp\/v2\/product_tag?post=5447"}],"curies":[{"name":"wp","href":"https:\/\/api.w.org\/{rel}","templated":true}]}}