{"id":5457,"date":"2021-05-31T21:57:46","date_gmt":"2021-05-31T19:57:46","guid":{"rendered":"https:\/\/309manukahonig.de\/?post_type=product&#038;p=5457"},"modified":"2021-06-10T13:36:08","modified_gmt":"2021-06-10T11:36:08","slug":"und-dann-kam-es-anders-erinnerungen-von-antje-hagen","status":"publish","type":"product","link":"https:\/\/309manukahonig.de\/index.php\/product\/und-dann-kam-es-anders-erinnerungen-von-antje-hagen\/","title":{"rendered":"Das Buch von Antje Hagen &#8211;  Ihnen pers\u00f6nlich mit Namensnennung gewidmet"},"content":{"rendered":"<p>Antje Hagen hat in ihrer Rolle als Hildegard Sonnbichler seit Jahren einen Stammplatz in den Herzen von Millionen Zuschauern. Auch ihr eigenes Leben verlief mindestens so facettenreich wie ein Fernsehdrama. Ihre Kindheit fand zwischen Fl\u00fcchtlingstrecks und Bombentrichtern statt, ihre Jugend erlebte sie im wieder aufbl\u00fchenden Berlin. Als Schauspielerin arbeitete sie mit Gustaf Gr\u00fcndgens. Sie arbeitete mit Ulrike Meinhof zusammen und sprengte auch anderweitig gerne Konventionen, etwa durch eine Ausbildung zur Rallyefahrerin. Und sie erlebte schon fr\u00fch eine bittere Stunde: Als junge Mutter verlor sie ihren geliebten Ehemann. Von all dem und vielem mehr erz\u00e4hlt Antje Hagen in ihren Memoiren. Das Buch einer selbstbewussten und lebensbejahenden Frau, die sich ihr positives Grundgef\u00fchl stets bewahrt hat.<\/p>\n<p>Lieferzeit ca. 5-7 Tage<\/p>\n<p>Buchpreis \u20ac 19,99 plus \u20ac 3,00 Servicegeb\u00fchr.<\/p>\n","protected":false},"excerpt":{"rendered":"<p>Buchpreis \u20ac 19,99 plus \u20ac 3,00 Servicegeb\u00fchr.<\/p>\n<p>Einmalige Gelegenheit. <strong>Das Buch von Antje Hagen pers\u00f6nlich gewidmet mit Namensnennung!!!<\/strong><br \/>\nSchenken Sie sich selbst oder lieben Freunden, Fans und Familienangeh\u00f6rigen dieses herzergreifende Buch, mit einem pers\u00f6nlichen Gru\u00df und W\u00fcnschen von Antje Hagen, alias Hildegard Sonnbichler.<br \/>\nSie beschreibt in mitrei\u00dfender, liebevoller und bewegender Weise Stationen aus ihrem Leben. Ich war zutiefst ger\u00fchrt und empfehle ihr Buch von ganzem Herzen.<br \/>\nDaher unterst\u00fctze ich sie gern und bringe ihr die bestellten B\u00fccher pers\u00f6nlich zur Unterschrift.<br \/>\nAlles Liebe und Erf\u00fcllung, Jonas<\/p>\n<p>Lieferzeit ca. 5-7 Tage <a class=\"continue\" href=\"https:\/\/309manukahonig.de\/index.php\/product\/und-dann-kam-es-anders-erinnerungen-von-antje-hagen\/\">Continue Reading<span> Das Buch von Antje Hagen &#8211;  Ihnen pers\u00f6nlich mit Namensnennung gewidmet<\/span><\/a><\/p>\n","protected":false},"featured_media":5458,"comment_status":"open","ping_status":"closed","template":"","meta":{"_monsterinsights_skip_tracking":false,"_monsterinsights_sitenote_active":false,"_monsterinsights_sitenote_note":"","_monsterinsights_sitenote_category":0,"_links_to":"","_links_to_target":""},"product_brand":[],"product_cat":[63,99],"product_tag":[],"class_list":{"0":"post-5457","1":"product","2":"type-product","3":"status-publish","4":"has-post-thumbnail","6":"product_cat-unkategorisiert","7":"product_cat-sturm-der-liebe","9":"first","10":"instock","11":"taxable","12":"shipping-taxable","13":"purchasable","14":"product-type-simple"},"aioseo_notices":[],"_links":{"self":[{"href":"https:\/\/309manukahonig.de\/index.php\/wp-json\/wp\/v2\/product\/5457","targetHints":{"allow":["GET"]}}],"collection":[{"href":"https:\/\/309manukahonig.de\/index.php\/wp-json\/wp\/v2\/product"}],"about":[{"href":"https:\/\/309manukahonig.de\/index.php\/wp-json\/wp\/v2\/types\/product"}],"replies":[{"embeddable":true,"href":"https:\/\/309manukahonig.de\/index.php\/wp-json\/wp\/v2\/comments?post=5457"}],"wp:featuredmedia":[{"embeddable":true,"href":"https:\/\/309manukahonig.de\/index.php\/wp-json\/wp\/v2\/media\/5458"}],"wp:attachment":[{"href":"https:\/\/309manukahonig.de\/index.php\/wp-json\/wp\/v2\/media?parent=5457"}],"wp:term":[{"taxonomy":"product_brand","embeddable":true,"href":"https:\/\/309manukahonig.de\/index.php\/wp-json\/wp\/v2\/product_brand?post=5457"},{"taxonomy":"product_cat","embeddable":true,"href":"https:\/\/309manukahonig.de\/index.php\/wp-json\/wp\/v2\/product_cat?post=5457"},{"taxonomy":"product_tag","embeddable":true,"href":"https:\/\/309manukahonig.de\/index.php\/wp-json\/wp\/v2\/product_tag?post=5457"}],"curies":[{"name":"wp","href":"https:\/\/api.w.org\/{rel}","templated":true}]}}