{"id":5732,"date":"2022-03-17T11:41:17","date_gmt":"2022-03-17T10:41:17","guid":{"rendered":"https:\/\/309manukahonig.de\/?post_type=product&#038;p=5732"},"modified":"2022-11-21T20:36:30","modified_gmt":"2022-11-21T19:36:30","slug":"wuensch-energie-karten","status":"publish","type":"product","link":"https:\/\/309manukahonig.de\/index.php\/product\/wuensch-energie-karten\/","title":{"rendered":"W\u00dcNSCH Energie-Karten"},"content":{"rendered":"<p>Ziehe die W\u00dcNSCH Energie-Karten<\/p>\n<p>F\u00fcr jeden Tag<br \/>\nF\u00fcr jede Woche<br \/>\nF\u00fcr jeden Monat<br \/>\nF\u00fcr jedes Jahr oder<\/p>\n<p>zu jeder f\u00fcr Dich passenden Gelegenheit<br \/>\nund lasse Dich von der kraftvollen und magischen Energie der Karten unterst\u00fctzen.<\/p>\n<p>Die positiven Botschaften und die Farben der Chakren sind Anregungen, denen Du etwas Beachtung schenken solltest, denn sie kommen aus Deinem Unterbewusstsein.<br \/>\nDieses Kartenset mit 57 Karten sollen Dein st\u00e4ndiger Begleiter f\u00fcr Dein Leben sein, deshalb k\u00f6nnen sie als<\/p>\n<p>\u2665 Motivation und Inspiration f\u00fcr Erwachsene<br \/>\n\u2665 Mut-Macher und Anker f\u00fcr Kinder<br \/>\n\u2665 Gl\u00fccklich-Macher f\u00fcr alle<\/p>\n<p>das Leben bereichern.<\/p>\n<p>Sie sind f\u00fcr Coaching bzw. Selbst-Coaching sehr gut geeignet.<\/p>\n<p>&nbsp;<\/p>\n","protected":false},"excerpt":{"rendered":"<p>Nimm Dein Gl\u00fcck JETZT in die Hand!<br \/>\nW\u00dcNSCH Energie-Karten<\/p>\n<p>Dieses Kartenset mit 57 Karten sollen Dein st\u00e4ndiger Begleiter f\u00fcr Dein Leben sein!<\/p>\n<p>&nbsp; <a class=\"continue\" href=\"https:\/\/309manukahonig.de\/index.php\/product\/wuensch-energie-karten\/\">Continue Reading<span> W\u00dcNSCH Energie-Karten<\/span><\/a><\/p>\n","protected":false},"featured_media":5878,"comment_status":"open","ping_status":"closed","template":"","meta":{"_monsterinsights_skip_tracking":false,"_monsterinsights_sitenote_active":false,"_monsterinsights_sitenote_note":"","_monsterinsights_sitenote_category":0,"_links_to":"","_links_to_target":""},"product_brand":[],"product_cat":[112,113],"product_tag":[],"class_list":{"0":"post-5732","1":"product","2":"type-product","3":"status-publish","4":"has-post-thumbnail","6":"product_cat-numerologie","7":"product_cat-energie","9":"first","10":"instock","11":"taxable","12":"shipping-taxable","13":"purchasable","14":"product-type-simple"},"aioseo_notices":[],"_links":{"self":[{"href":"https:\/\/309manukahonig.de\/index.php\/wp-json\/wp\/v2\/product\/5732","targetHints":{"allow":["GET"]}}],"collection":[{"href":"https:\/\/309manukahonig.de\/index.php\/wp-json\/wp\/v2\/product"}],"about":[{"href":"https:\/\/309manukahonig.de\/index.php\/wp-json\/wp\/v2\/types\/product"}],"replies":[{"embeddable":true,"href":"https:\/\/309manukahonig.de\/index.php\/wp-json\/wp\/v2\/comments?post=5732"}],"wp:featuredmedia":[{"embeddable":true,"href":"https:\/\/309manukahonig.de\/index.php\/wp-json\/wp\/v2\/media\/5878"}],"wp:attachment":[{"href":"https:\/\/309manukahonig.de\/index.php\/wp-json\/wp\/v2\/media?parent=5732"}],"wp:term":[{"taxonomy":"product_brand","embeddable":true,"href":"https:\/\/309manukahonig.de\/index.php\/wp-json\/wp\/v2\/product_brand?post=5732"},{"taxonomy":"product_cat","embeddable":true,"href":"https:\/\/309manukahonig.de\/index.php\/wp-json\/wp\/v2\/product_cat?post=5732"},{"taxonomy":"product_tag","embeddable":true,"href":"https:\/\/309manukahonig.de\/index.php\/wp-json\/wp\/v2\/product_tag?post=5732"}],"curies":[{"name":"wp","href":"https:\/\/api.w.org\/{rel}","templated":true}]}}