{"id":5856,"date":"2022-11-19T15:18:58","date_gmt":"2022-11-19T14:18:58","guid":{"rendered":"https:\/\/309manukahonig.de\/?post_type=product&#038;p=5856"},"modified":"2025-08-18T12:50:51","modified_gmt":"2025-08-18T10:50:51","slug":"jd-manuka-tee","status":"publish","type":"product","link":"https:\/\/309manukahonig.de\/index.php\/product\/jd-manuka-tee\/","title":{"rendered":"JD Manuka Tee"},"content":{"rendered":"<p><strong><span id=\"page1R_mcid2\" class=\"markedContent\"><span dir=\"ltr\" role=\"presentation\">Finest Manuka Tea New Zealand<\/span><\/span><\/strong><span id=\"page1R_mcid3\" class=\"markedContent\"><br \/>\n<br role=\"presentation\" \/><span dir=\"ltr\" role=\"presentation\">Die Manuka P<\/span><span class=\"markedContent\"><span dir=\"ltr\" role=\"presentation\">fl<\/span><\/span><span dir=\"ltr\" role=\"presentation\">anze wird hierzulande haupts\u00e4chlich mit dem Manuka Honig verkn\u00fcpft. Dabei hat<\/span><br role=\"presentation\" \/><span dir=\"ltr\" role=\"presentation\">diese wundersame P<\/span><span class=\"markedContent\"><span dir=\"ltr\" role=\"presentation\">fl<\/span><\/span><span dir=\"ltr\" role=\"presentation\">anze, speziell die neuseel\u00e4ndische Gattung, noch so viel mehr zu bieten!<\/span><\/span><span id=\"page1R_mcid4\" class=\"markedContent\"><br role=\"presentation\" \/><span dir=\"ltr\" role=\"presentation\">Schon Cpt. Cook lernte auf seiner Expedition nach Neuseeland die vielf\u00e4ltigen Wirkweisen durch<\/span><br role=\"presentation\" \/><span dir=\"ltr\" role=\"presentation\">die Maori kennen, die sich damals um die ersch\u00f6pften und entkr\u00e4fteten Seeleute k\u00fcmmerten und<\/span><br role=\"presentation\" \/><span dir=\"ltr\" role=\"presentation\">ihr Wissen weiter gaben. Auf der R\u00fcckreise br\u00fchten sich die Seeleute Manuka Tee aus den<\/span><br role=\"presentation\" \/><span dir=\"ltr\" role=\"presentation\">Bl\u00e4ttern des Baumes, um sich vor Skorbut zu sch\u00fctzen und brachten Kenntnis \u00fcber die P<\/span><span class=\"markedContent\"><span dir=\"ltr\" role=\"presentation\">fl<\/span><\/span><span dir=\"ltr\" role=\"presentation\">anze<\/span><br role=\"presentation\" \/><span dir=\"ltr\" role=\"presentation\">nach Europa. So wurde aus dem Manuka Baum, der S\u00fcdseemyrte, der `neuseel\u00e4ndische<\/span><br role=\"presentation\" \/><span dir=\"ltr\" role=\"presentation\">Teebaum \u0301.<br \/>\nDer Manuka Tee ist sehr ergiebig, da er sich gut 6-7mal aufbr\u00fchen l\u00e4sst.<br \/>\n<\/span><\/span><\/p>\n<p>&nbsp;<\/p>\n<p><strong><span id=\"page1R_mcid5\" class=\"markedContent\">Kleine P<span class=\"markedContent\">fl<\/span>anzenkunde<\/span><\/strong><span id=\"page1R_mcid6\" class=\"markedContent\"><\/span><\/p>\n<p><span id=\"page1R_mcid4\" class=\"markedContent\"><span dir=\"ltr\" role=\"presentation\"><span id=\"page1R_mcid6\" class=\"markedContent\">Die Manuka P<span class=\"markedContent\">fl<\/span>anze oder S\u00fcdseemyrte (Leptospermum scoparium) wird, seit der Entdeckung<br role=\"presentation\" \/>durch Cpt. Cook, auch Neuseel\u00e4ndischer Teebaum genannt.<\/span><span id=\"page1R_mcid7\" class=\"markedContent\"><br role=\"presentation\" \/>Es gibt sie sowohl als Strauch oder als Baum und w\u00e4chst nat\u00fcrlich in Neuseeland und Australien.<br role=\"presentation\" \/>Der Manuka Strauch oder Baum ist eine sehr robuste P<span class=\"markedContent\">fl<\/span>anze und ein echter \u00dcberlebensk\u00fcnstler.<br role=\"presentation\" \/>Sie w\u00e4chst gerne an H\u00e4ngen, Flussufern, an Waldr\u00e4ndern und im Geb\u00fcsch.<\/span><span id=\"page1R_mcid8\" class=\"markedContent\"><br role=\"presentation\" \/>Ihr Bl\u00fcten sind klein und zahlreich in weiss oder hellrosa. Die Manuka P<span class=\"markedContent\">fl<\/span>anze<span class=\"markedContent\"> fi<\/span>ndet vielf\u00e4ltige<br role=\"presentation\" \/>Verwendung. Die Bl\u00fcten geben Honig, Rinde und Bl\u00e4tter k\u00f6nnen zu Tee gebr\u00fcht werden, und es<br role=\"presentation\" \/>werden wertvolle \u00e4therische \u00d6le aus verschiedenenTeilen der P<span class=\"markedContent\">fl<\/span>anze gewonnen.<\/span><span id=\"page1R_mcid9\" class=\"markedContent\"><br \/>\n<br role=\"presentation\" \/><strong>Der Tee, der gl\u00fccklich macht<\/strong><\/span><span id=\"page1R_mcid10\" class=\"markedContent\"><br \/>\n<br role=\"presentation\" \/>Unser Tee kommt aus der wundersch\u00f6nen Golden Bay im Nordwesten der S\u00fcdinsel New<br role=\"presentation\" \/>Zealands.<\/span><span id=\"page1R_mcid11\" class=\"markedContent\"><br role=\"presentation\" \/>Zwei mal j\u00e4hrlich wird unser JD Manuka Tea per Hand in einem wilden Naturgebiet geerntet.<br role=\"presentation\" \/>Jedes Teeblatt wird sorgsam per Hand selektiert. Geerntet wird nur in schattigen,<br role=\"presentation\" \/>windgesch\u00fctzten Lagen, so sind die Teebl\u00e4ttchen sch\u00f6n zart. Wir achten bei der Ernte darauf, nur<br role=\"presentation\" \/>so viel zu nehmen, dass der Baum sich gut regenerieren kann und eine zweite Ernte m\u00f6glich ist.<\/span><span id=\"page1R_mcid12\" class=\"markedContent\"><br role=\"presentation\" \/>Bei unserem JD Manuka Tea handelt es sich um ein echtes Naturprodukt. Die Ressourcen sind<br role=\"presentation\" \/>begrenzt, und wir ernten nur so viel, wie die Natur uns gibt, ohne ihr zu schaden.<\/span><span id=\"page1R_mcid13\" class=\"markedContent\"><br role=\"presentation\" \/>Unserem JD Manuka Tea wird nachgesagt, einen guten Schlaf zu f\u00f6rdern, das Immunsystem zu<br role=\"presentation\" \/>st\u00e4rken, und noch viele weitere wertvolle Eigenschaften. Aber das Wichtigste ist: Wir<span class=\"markedContent\"> fi<\/span>nden er<br role=\"presentation\" \/>macht einfach gl\u00fccklich.<\/span><br \/>\n<\/span><\/span><\/p>\n","protected":false},"excerpt":{"rendered":"<p>Finest Manuka Tea New Zealand Die Manuka Pflanze wird hierzulande haupts\u00e4chlich mit dem Manuka Honig verkn\u00fcpft. Dabei hatdiese wundersame Pflanze,&hellip; <a class=\"continue\" href=\"https:\/\/309manukahonig.de\/index.php\/product\/jd-manuka-tee\/\">Continue Reading<span> JD Manuka Tee<\/span><\/a><\/p>\n","protected":false},"featured_media":5857,"comment_status":"open","ping_status":"closed","template":"","meta":{"_monsterinsights_skip_tracking":false,"_monsterinsights_sitenote_active":false,"_monsterinsights_sitenote_note":"","_monsterinsights_sitenote_category":0,"_links_to":"","_links_to_target":""},"product_brand":[],"product_cat":[163,164],"product_tag":[],"class_list":{"0":"post-5856","1":"product","2":"type-product","3":"status-publish","4":"has-post-thumbnail","6":"product_cat-manuka","7":"product_cat-tee","9":"first","10":"instock","11":"taxable","12":"shipping-taxable","13":"purchasable","14":"product-type-simple"},"aioseo_notices":[],"_links":{"self":[{"href":"https:\/\/309manukahonig.de\/index.php\/wp-json\/wp\/v2\/product\/5856","targetHints":{"allow":["GET"]}}],"collection":[{"href":"https:\/\/309manukahonig.de\/index.php\/wp-json\/wp\/v2\/product"}],"about":[{"href":"https:\/\/309manukahonig.de\/index.php\/wp-json\/wp\/v2\/types\/product"}],"replies":[{"embeddable":true,"href":"https:\/\/309manukahonig.de\/index.php\/wp-json\/wp\/v2\/comments?post=5856"}],"wp:featuredmedia":[{"embeddable":true,"href":"https:\/\/309manukahonig.de\/index.php\/wp-json\/wp\/v2\/media\/5857"}],"wp:attachment":[{"href":"https:\/\/309manukahonig.de\/index.php\/wp-json\/wp\/v2\/media?parent=5856"}],"wp:term":[{"taxonomy":"product_brand","embeddable":true,"href":"https:\/\/309manukahonig.de\/index.php\/wp-json\/wp\/v2\/product_brand?post=5856"},{"taxonomy":"product_cat","embeddable":true,"href":"https:\/\/309manukahonig.de\/index.php\/wp-json\/wp\/v2\/product_cat?post=5856"},{"taxonomy":"product_tag","embeddable":true,"href":"https:\/\/309manukahonig.de\/index.php\/wp-json\/wp\/v2\/product_tag?post=5856"}],"curies":[{"name":"wp","href":"https:\/\/api.w.org\/{rel}","templated":true}]}}